{"id":1262,"date":"2022-03-10T22:14:38","date_gmt":"2022-03-11T01:14:38","guid":{"rendered":"https:\/\/congressosindepol.com.br\/?page_id=1262"},"modified":"2025-08-01T21:58:15","modified_gmt":"2025-08-02T00:58:15","slug":"traslado","status":"publish","type":"page","link":"https:\/\/congressosindepol.com.br\/2025\/traslado\/","title":{"rendered":"Traslado"},"content":{"rendered":"\t\t<div data-elementor-type=\"wp-page\" data-elementor-id=\"1262\" class=\"elementor elementor-1262\" data-elementor-post-type=\"page\">\n\t\t\t\t\t\t<section class=\"elementor-section elementor-top-section elementor-element elementor-element-3d9e79a elementor-section-height-min-height elementor-section-boxed elementor-section-height-default elementor-section-items-middle\" data-id=\"3d9e79a\" data-element_type=\"section\" data-e-type=\"section\" data-settings=\"{&quot;background_background&quot;:&quot;classic&quot;}\">\n\t\t\t\t\t\t\t<div class=\"elementor-background-overlay\"><\/div>\n\t\t\t\t\t\t\t<div class=\"elementor-container elementor-column-gap-default\">\n\t\t\t\t\t<div class=\"elementor-column elementor-col-100 elementor-top-column elementor-element elementor-element-4e75b338\" data-id=\"4e75b338\" data-element_type=\"column\" data-e-type=\"column\">\n\t\t\t<div class=\"elementor-widget-wrap elementor-element-populated\">\n\t\t\t\t\t\t<div class=\"elementor-element elementor-element-567d64ed elementor-widget elementor-widget-theme-post-title elementor-page-title elementor-widget-heading\" data-id=\"567d64ed\" data-element_type=\"widget\" data-e-type=\"widget\" data-widget_type=\"theme-post-title.default\">\n\t\t\t\t<div class=\"elementor-widget-container\">\n\t\t\t\t\t<h1 class=\"elementor-heading-title elementor-size-default\">Traslado<\/h1>\t\t\t\t<\/div>\n\t\t\t\t<\/div>\n\t\t\t\t\t<\/div>\n\t\t<\/div>\n\t\t\t\t\t<\/div>\n\t\t<\/section>\n\t\t\t\t<section class=\"elementor-section elementor-top-section elementor-element elementor-element-e1603bb elementor-section-boxed elementor-section-height-default elementor-section-height-default\" data-id=\"e1603bb\" data-element_type=\"section\" data-e-type=\"section\">\n\t\t\t\t\t\t<div class=\"elementor-container elementor-column-gap-default\">\n\t\t\t\t\t<div class=\"elementor-column elementor-col-50 elementor-top-column elementor-element elementor-element-f6444e7\" data-id=\"f6444e7\" data-element_type=\"column\" data-e-type=\"column\">\n\t\t\t<div class=\"elementor-widget-wrap elementor-element-populated\">\n\t\t\t\t\t\t<div class=\"elementor-element elementor-element-a5939b3 elementor-widget elementor-widget-text-editor\" data-id=\"a5939b3\" data-element_type=\"widget\" data-e-type=\"widget\" data-widget_type=\"text-editor.default\">\n\t\t\t\t<div class=\"elementor-widget-container\">\n\t\t\t\t\t\t\t\t\t<p>Os congressistas inscritos que optarem por utilizar o transporte a\u00e9reo para Bras\u00edlia-DF poder\u00e3o usufruir dos traslados entre o aeroporto x Tau\u00e1 Resort x aeroporto.<\/p>\t\t\t\t\t\t\t\t<\/div>\n\t\t\t\t<\/div>\n\t\t\t\t<div class=\"elementor-element elementor-element-5f8d835 elementor-widget elementor-widget-text-editor\" data-id=\"5f8d835\" data-element_type=\"widget\" data-e-type=\"widget\" data-widget_type=\"text-editor.default\">\n\t\t\t\t<div class=\"elementor-widget-container\">\n\t\t\t\t\t\t\t\t\t<p>Para a utiliza\u00e7\u00e3o dos servi\u00e7os, \u00e9 imprescind\u00edvel comunicar no formul\u00e1rio o hor\u00e1rio de chegada e sa\u00edda, bem como os respectivos voos.<\/p>\t\t\t\t\t\t\t\t<\/div>\n\t\t\t\t<\/div>\n\t\t\t\t<div class=\"elementor-element elementor-element-39f3b90 elementor-widget-divider--view-line elementor-widget elementor-widget-divider\" data-id=\"39f3b90\" data-element_type=\"widget\" data-e-type=\"widget\" data-widget_type=\"divider.default\">\n\t\t\t\t<div class=\"elementor-widget-container\">\n\t\t\t\t\t\t\t<div class=\"elementor-divider\">\n\t\t\t<span class=\"elementor-divider-separator\">\n\t\t\t\t\t\t<\/span>\n\t\t<\/div>\n\t\t\t\t\t\t<\/div>\n\t\t\t\t<\/div>\n\t\t\t\t<div class=\"elementor-element elementor-element-2d251ef elementor-widget elementor-widget-text-editor\" data-id=\"2d251ef\" data-element_type=\"widget\" data-e-type=\"widget\" data-widget_type=\"text-editor.default\">\n\t\t\t\t<div class=\"elementor-widget-container\">\n\t\t\t\t\t\t\t\t\t<p style=\"text-align: center;\"><strong>Hor\u00e1rios dos traslados<\/strong><\/p><p><em><span style=\"text-decoration: underline;\">Aeroporto de Bras\u00edlia \/ Tau\u00e1 Resort<\/span><\/em><br \/>Dia: 06\/11\/2025<br \/>Hor\u00e1rio de sa\u00edda: 12h <\/p><hr \/><p><em><span style=\"text-decoration: underline;\">Tau\u00e1 Resort \/ Aeroporto de Bras\u00edlia<\/span><\/em><br \/>Dia: 09\/11\/2025<br \/>Hor\u00e1rio de sa\u00edda: 12h<\/p>\t\t\t\t\t\t\t\t<\/div>\n\t\t\t\t<\/div>\n\t\t\t\t<div class=\"elementor-element elementor-element-0ac25d0 elementor-widget-divider--view-line elementor-widget elementor-widget-divider\" data-id=\"0ac25d0\" data-element_type=\"widget\" data-e-type=\"widget\" data-widget_type=\"divider.default\">\n\t\t\t\t<div class=\"elementor-widget-container\">\n\t\t\t\t\t\t\t<div class=\"elementor-divider\">\n\t\t\t<span class=\"elementor-divider-separator\">\n\t\t\t\t\t\t<\/span>\n\t\t<\/div>\n\t\t\t\t\t\t<\/div>\n\t\t\t\t<\/div>\n\t\t\t\t\t<\/div>\n\t\t<\/div>\n\t\t\t\t<div class=\"elementor-column elementor-col-50 elementor-top-column elementor-element elementor-element-f0bd2bc\" data-id=\"f0bd2bc\" data-element_type=\"column\" data-e-type=\"column\">\n\t\t\t<div class=\"elementor-widget-wrap elementor-element-populated\">\n\t\t\t\t\t\t<div class=\"elementor-element elementor-element-f35bafe elementor-widget elementor-widget-html\" data-id=\"f35bafe\" data-element_type=\"widget\" data-e-type=\"widget\" data-widget_type=\"html.default\">\n\t\t\t\t<div class=\"elementor-widget-container\">\n\t\t\t\t\t<script type=\"text\/javascript\" src=\"https:\/\/form.jotform.com\/jsform\/220687736691064\"><\/script>\t\t\t\t<\/div>\n\t\t\t\t<\/div>\n\t\t\t\t\t<\/div>\n\t\t<\/div>\n\t\t\t\t\t<\/div>\n\t\t<\/section>\n\t\t\t\t<\/div>\n\t\t","protected":false},"excerpt":{"rendered":"<p>Os congressistas inscritos que optarem por utilizar o transporte a\u00e9reo para Bras\u00edlia-DF poder\u00e3o usufruir dos traslados entre o aeroporto x Tau\u00e1 Resort x aeroporto. Para a utiliza\u00e7\u00e3o dos servi\u00e7os, \u00e9 imprescind\u00edvel comunicar no formul\u00e1rio o hor\u00e1rio de chegada e sa\u00edda, bem como os respectivos voos. Hor\u00e1rios dos traslados Aeroporto de Bras\u00edlia \/ Tau\u00e1 ResortDia: 06\/11\/2025Hor\u00e1rio [&hellip;]<\/p>\n","protected":false},"author":1,"featured_media":0,"parent":0,"menu_order":0,"comment_status":"closed","ping_status":"closed","template":"elementor_header_footer","meta":{"footnotes":""},"class_list":["post-1262","page","type-page","status-publish","hentry"],"aioseo_notices":[],"_hostinger_reach_plugin_has_subscription_block":false,"_hostinger_reach_plugin_is_elementor":false,"_links":{"self":[{"href":"https:\/\/congressosindepol.com.br\/2025\/wp-json\/wp\/v2\/pages\/1262","targetHints":{"allow":["GET"]}}],"collection":[{"href":"https:\/\/congressosindepol.com.br\/2025\/wp-json\/wp\/v2\/pages"}],"about":[{"href":"https:\/\/congressosindepol.com.br\/2025\/wp-json\/wp\/v2\/types\/page"}],"author":[{"embeddable":true,"href":"https:\/\/congressosindepol.com.br\/2025\/wp-json\/wp\/v2\/users\/1"}],"replies":[{"embeddable":true,"href":"https:\/\/congressosindepol.com.br\/2025\/wp-json\/wp\/v2\/comments?post=1262"}],"version-history":[{"count":34,"href":"https:\/\/congressosindepol.com.br\/2025\/wp-json\/wp\/v2\/pages\/1262\/revisions"}],"predecessor-version":[{"id":2055,"href":"https:\/\/congressosindepol.com.br\/2025\/wp-json\/wp\/v2\/pages\/1262\/revisions\/2055"}],"wp:attachment":[{"href":"https:\/\/congressosindepol.com.br\/2025\/wp-json\/wp\/v2\/media?parent=1262"}],"curies":[{"name":"wp","href":"https:\/\/api.w.org\/{rel}","templated":true}]}}