{"id":1458,"date":"2023-12-26T15:19:21","date_gmt":"2023-12-26T18:19:21","guid":{"rendered":"https:\/\/congressosindepol.com.br\/?page_id=1458"},"modified":"2025-08-04T09:59:10","modified_gmt":"2025-08-04T12:59:10","slug":"apresentacao","status":"publish","type":"page","link":"https:\/\/congressosindepol.com.br\/2025\/apresentacao\/","title":{"rendered":"Apresenta\u00e7\u00e3o"},"content":{"rendered":"\t\t<div data-elementor-type=\"wp-page\" data-elementor-id=\"1458\" class=\"elementor elementor-1458\" data-elementor-post-type=\"page\">\n\t\t\t\t\t\t<section class=\"elementor-section elementor-top-section elementor-element elementor-element-7ee51135 elementor-section-height-min-height elementor-section-boxed elementor-section-height-default elementor-section-items-middle\" data-id=\"7ee51135\" data-element_type=\"section\" data-e-type=\"section\" data-settings=\"{&quot;background_background&quot;:&quot;classic&quot;}\">\n\t\t\t\t\t\t\t<div class=\"elementor-background-overlay\"><\/div>\n\t\t\t\t\t\t\t<div class=\"elementor-container elementor-column-gap-default\">\n\t\t\t\t\t<div class=\"elementor-column elementor-col-100 elementor-top-column elementor-element elementor-element-6c94c894\" data-id=\"6c94c894\" data-element_type=\"column\" data-e-type=\"column\">\n\t\t\t<div class=\"elementor-widget-wrap elementor-element-populated\">\n\t\t\t\t\t\t<div class=\"elementor-element elementor-element-7db4aab6 elementor-widget elementor-widget-theme-post-title elementor-page-title elementor-widget-heading\" data-id=\"7db4aab6\" data-element_type=\"widget\" data-e-type=\"widget\" data-widget_type=\"theme-post-title.default\">\n\t\t\t\t<div class=\"elementor-widget-container\">\n\t\t\t\t\t<h1 class=\"elementor-heading-title elementor-size-default\">Apresenta\u00e7\u00e3o<\/h1>\t\t\t\t<\/div>\n\t\t\t\t<\/div>\n\t\t\t\t\t<\/div>\n\t\t<\/div>\n\t\t\t\t\t<\/div>\n\t\t<\/section>\n\t\t\t\t<section class=\"elementor-section elementor-top-section elementor-element elementor-element-8927ca9 elementor-reverse-mobile elementor-section-boxed elementor-section-height-default elementor-section-height-default\" data-id=\"8927ca9\" data-element_type=\"section\" data-e-type=\"section\" data-settings=\"{&quot;background_background&quot;:&quot;classic&quot;}\">\n\t\t\t\t\t\t<div class=\"elementor-container elementor-column-gap-default\">\n\t\t\t\t\t<div class=\"elementor-column elementor-col-100 elementor-top-column elementor-element elementor-element-2484083\" data-id=\"2484083\" data-element_type=\"column\" data-e-type=\"column\">\n\t\t\t<div class=\"elementor-widget-wrap elementor-element-populated\">\n\t\t\t\t\t\t<div class=\"elementor-element elementor-element-c63d7b0 elementor-widget elementor-widget-text-editor\" data-id=\"c63d7b0\" data-element_type=\"widget\" data-e-type=\"widget\" data-widget_type=\"text-editor.default\">\n\t\t\t\t<div class=\"elementor-widget-container\">\n\t\t\t\t\t\t\t\t\t<p>Prezado(a) Congressista,<\/p><p>\u00e9 com imensa satisfa\u00e7\u00e3o que o Sindicato dos Delegados de Pol\u00edcia do Estado de Goi\u00e1s \u2013 Sindepol-GO, em parceria com a Adepol do Brasil, anunciam a realiza\u00e7\u00e3o do\u00a0<strong>1\u00ba CONICRIPTO \u2013 Congresso Internacional de Criptoativos<\/strong>, que ocorrer\u00e1 entre os dias 06 e 09 de novembro de 2025, no TAU\u00c1 Resort, em Alex\u00e2nia\/GO.<\/p><p>Cientes da crescente necessidade de aperfei\u00e7oamento t\u00e9cnico em investiga\u00e7\u00f5es envolvendo ambientes virtuais, estruturamos o evento para levar at\u00e9 voc\u00ea o que h\u00e1 de mais atual e inovador na interse\u00e7\u00e3o entre tecnologia, direito e investiga\u00e7\u00e3o, com especial destaque para o pouco explorado universo dos criptoativos.<\/p><p>A din\u00e2mica do crime evoluiu rapidamente e, hoje, os criminosos se valem de recursos tecnol\u00f3gicos sofisticados, exigindo das autoridades p\u00fablicas imediata atualiza\u00e7\u00e3o e desenvolvimento de novas habilidades.<\/p><p>O CONICRIPTO foi concebido, portanto, para suprir essa necessidade, proporcionando aos Delegados de Pol\u00edcia e demais operadores do Direito convidados ambiente para aprimorar suas investiga\u00e7\u00f5es e aumentar exponencialmente a efic\u00e1cia no enfrentamento a crimes digitais, especialmente aqueles relacionados ao uso de criptoativos.<\/p><p>Al\u00e9m do car\u00e1ter inovador, a organiza\u00e7\u00e3o do Congresso preocupou-se em criar um ambiente adequado \u00e0 integra\u00e7\u00e3o entre o setor p\u00fablico e privado, promovendo momentos de estreitamento social, fomentando o di\u00e1logo aberto com empresas de refer\u00eancia global na \u00e1rea tecnol\u00f3gica e blockchain.<\/p><p>Participar do CONICRIPTO \u00e9 n\u00e3o s\u00f3 um momento social agrad\u00e1vel, mas, principalmente, um momento \u00edmpar de qualifica\u00e7\u00e3o profissional e de fortalecimento da atua\u00e7\u00e3o estatal na persecu\u00e7\u00e3o penal tecnol\u00f3gica.<\/p>\t\t\t\t\t\t\t\t<\/div>\n\t\t\t\t<\/div>\n\t\t\t\t<section class=\"elementor-section elementor-inner-section elementor-element elementor-element-eb6fa29 elementor-section-boxed elementor-section-height-default elementor-section-height-default\" data-id=\"eb6fa29\" data-element_type=\"section\" data-e-type=\"section\">\n\t\t\t\t\t\t<div class=\"elementor-container elementor-column-gap-default\">\n\t\t\t\t\t<div class=\"elementor-column elementor-col-100 elementor-inner-column elementor-element elementor-element-e193e39\" data-id=\"e193e39\" data-element_type=\"column\" data-e-type=\"column\">\n\t\t\t<div class=\"elementor-widget-wrap elementor-element-populated\">\n\t\t\t\t\t\t<div class=\"elementor-element elementor-element-62d790d elementor-position-left elementor-vertical-align-middle elementor-widget elementor-widget-image-box\" data-id=\"62d790d\" data-element_type=\"widget\" data-e-type=\"widget\" data-widget_type=\"image-box.default\">\n\t\t\t\t<div class=\"elementor-widget-container\">\n\t\t\t\t\t<div class=\"elementor-image-box-wrapper\"><figure class=\"elementor-image-box-img\"><img fetchpriority=\"high\" decoding=\"async\" width=\"1064\" height=\"1064\" src=\"https:\/\/congressosindepol.com.br\/2025\/wp-content\/uploads\/2025\/08\/WhatsApp-Image-2025-08-01-at-15.19.34.jpeg\" class=\"attachment-full size-full wp-image-2023\" alt=\"\" srcset=\"https:\/\/congressosindepol.com.br\/2025\/wp-content\/uploads\/2025\/08\/WhatsApp-Image-2025-08-01-at-15.19.34.jpeg 1064w, https:\/\/congressosindepol.com.br\/2025\/wp-content\/uploads\/2025\/08\/WhatsApp-Image-2025-08-01-at-15.19.34-300x300.jpeg 300w, https:\/\/congressosindepol.com.br\/2025\/wp-content\/uploads\/2025\/08\/WhatsApp-Image-2025-08-01-at-15.19.34-1024x1024.jpeg 1024w, https:\/\/congressosindepol.com.br\/2025\/wp-content\/uploads\/2025\/08\/WhatsApp-Image-2025-08-01-at-15.19.34-150x150.jpeg 150w, https:\/\/congressosindepol.com.br\/2025\/wp-content\/uploads\/2025\/08\/WhatsApp-Image-2025-08-01-at-15.19.34-768x768.jpeg 768w\" sizes=\"(max-width: 1064px) 100vw, 1064px\" \/><\/figure><div class=\"elementor-image-box-content\"><h3 class=\"elementor-image-box-title\">Adriano Sousa Costa<\/h3><p class=\"elementor-image-box-description\">Presidente do Sindicato dos Delegados de Pol\u00edcia do Estado de Goi\u00e1s \u2013 SINDEPOL-GO<\/p><\/div><\/div>\t\t\t\t<\/div>\n\t\t\t\t<\/div>\n\t\t\t\t\t<\/div>\n\t\t<\/div>\n\t\t\t\t\t<\/div>\n\t\t<\/section>\n\t\t\t\t\t<\/div>\n\t\t<\/div>\n\t\t\t\t\t<\/div>\n\t\t<\/section>\n\t\t\t\t<\/div>\n\t\t","protected":false},"excerpt":{"rendered":"<p>Prezado(a) Congressista, \u00e9 com imensa satisfa\u00e7\u00e3o que o Sindicato dos Delegados de Pol\u00edcia do Estado de Goi\u00e1s \u2013 Sindepol-GO, em parceria com a Adepol do Brasil, anunciam a realiza\u00e7\u00e3o do\u00a01\u00ba CONICRIPTO \u2013 Congresso Internacional de Criptoativos, que ocorrer\u00e1 entre os dias 06 e 09 de novembro de 2025, no TAU\u00c1 Resort, em Alex\u00e2nia\/GO. Cientes da [&hellip;]<\/p>\n","protected":false},"author":1,"featured_media":0,"parent":0,"menu_order":0,"comment_status":"closed","ping_status":"closed","template":"elementor_header_footer","meta":{"footnotes":""},"class_list":["post-1458","page","type-page","status-publish","hentry"],"aioseo_notices":[],"_hostinger_reach_plugin_has_subscription_block":false,"_hostinger_reach_plugin_is_elementor":false,"_links":{"self":[{"href":"https:\/\/congressosindepol.com.br\/2025\/wp-json\/wp\/v2\/pages\/1458","targetHints":{"allow":["GET"]}}],"collection":[{"href":"https:\/\/congressosindepol.com.br\/2025\/wp-json\/wp\/v2\/pages"}],"about":[{"href":"https:\/\/congressosindepol.com.br\/2025\/wp-json\/wp\/v2\/types\/page"}],"author":[{"embeddable":true,"href":"https:\/\/congressosindepol.com.br\/2025\/wp-json\/wp\/v2\/users\/1"}],"replies":[{"embeddable":true,"href":"https:\/\/congressosindepol.com.br\/2025\/wp-json\/wp\/v2\/comments?post=1458"}],"version-history":[{"count":25,"href":"https:\/\/congressosindepol.com.br\/2025\/wp-json\/wp\/v2\/pages\/1458\/revisions"}],"predecessor-version":[{"id":2078,"href":"https:\/\/congressosindepol.com.br\/2025\/wp-json\/wp\/v2\/pages\/1458\/revisions\/2078"}],"wp:attachment":[{"href":"https:\/\/congressosindepol.com.br\/2025\/wp-json\/wp\/v2\/media?parent=1458"}],"curies":[{"name":"wp","href":"https:\/\/api.w.org\/{rel}","templated":true}]}}