{"id":22,"date":"2021-07-07T21:45:27","date_gmt":"2021-07-08T00:45:27","guid":{"rendered":"https:\/\/congressosindepol.com.br\/?page_id=22"},"modified":"2025-11-06T07:37:53","modified_gmt":"2025-11-06T10:37:53","slug":"programacao","status":"publish","type":"page","link":"https:\/\/congressosindepol.com.br\/2025\/programacao\/","title":{"rendered":"Programa\u00e7\u00e3o"},"content":{"rendered":"\t\t<div data-elementor-type=\"wp-page\" data-elementor-id=\"22\" class=\"elementor elementor-22\" data-elementor-post-type=\"page\">\n\t\t\t\t\t\t<section class=\"elementor-section elementor-top-section elementor-element elementor-element-4c69ad31 elementor-section-height-min-height elementor-section-boxed elementor-section-height-default elementor-section-items-middle\" data-id=\"4c69ad31\" data-element_type=\"section\" data-e-type=\"section\" data-settings=\"{&quot;background_background&quot;:&quot;classic&quot;}\">\n\t\t\t\t\t\t\t<div class=\"elementor-background-overlay\"><\/div>\n\t\t\t\t\t\t\t<div class=\"elementor-container elementor-column-gap-default\">\n\t\t\t\t\t<div class=\"elementor-column elementor-col-100 elementor-top-column elementor-element elementor-element-6df929ad\" data-id=\"6df929ad\" data-element_type=\"column\" data-e-type=\"column\">\n\t\t\t<div class=\"elementor-widget-wrap elementor-element-populated\">\n\t\t\t\t\t\t<div class=\"elementor-element elementor-element-77e01bf4 elementor-widget elementor-widget-theme-post-title elementor-page-title elementor-widget-heading\" data-id=\"77e01bf4\" data-element_type=\"widget\" data-e-type=\"widget\" data-widget_type=\"theme-post-title.default\">\n\t\t\t\t<div class=\"elementor-widget-container\">\n\t\t\t\t\t<h1 class=\"elementor-heading-title elementor-size-default\">Programa\u00e7\u00e3o<\/h1>\t\t\t\t<\/div>\n\t\t\t\t<\/div>\n\t\t\t\t\t<\/div>\n\t\t<\/div>\n\t\t\t\t\t<\/div>\n\t\t<\/section>\n\t\t\t\t<section class=\"elementor-section elementor-top-section elementor-element elementor-element-dce3c1d elementor-section-boxed elementor-section-height-default elementor-section-height-default\" data-id=\"dce3c1d\" data-element_type=\"section\" data-e-type=\"section\" data-settings=\"{&quot;background_background&quot;:&quot;classic&quot;}\">\n\t\t\t\t\t\t<div class=\"elementor-container elementor-column-gap-default\">\n\t\t\t\t\t<div class=\"elementor-column elementor-col-100 elementor-top-column elementor-element elementor-element-bbcdec8\" data-id=\"bbcdec8\" data-element_type=\"column\" data-e-type=\"column\">\n\t\t\t<div class=\"elementor-widget-wrap elementor-element-populated\">\n\t\t\t\t\t\t<div class=\"elementor-element elementor-element-f9dabf3 elementor-tabs-view-vertical elementor-widget elementor-widget-tabs\" data-id=\"f9dabf3\" data-element_type=\"widget\" data-e-type=\"widget\" data-widget_type=\"tabs.default\">\n\t\t\t\t<div class=\"elementor-widget-container\">\n\t\t\t\t\t\t\t<div class=\"elementor-tabs\">\n\t\t\t<div class=\"elementor-tabs-wrapper\" role=\"tablist\" >\n\t\t\t\t\t\t\t\t\t<div id=\"elementor-tab-title-2611\" class=\"elementor-tab-title elementor-tab-desktop-title\" aria-selected=\"true\" data-tab=\"1\" role=\"tab\" tabindex=\"0\" aria-controls=\"elementor-tab-content-2611\" aria-expanded=\"false\">Quinta, 06 de novembro<\/div>\n\t\t\t\t\t\t\t\t\t<div id=\"elementor-tab-title-2612\" class=\"elementor-tab-title elementor-tab-desktop-title\" aria-selected=\"false\" data-tab=\"2\" role=\"tab\" tabindex=\"-1\" aria-controls=\"elementor-tab-content-2612\" aria-expanded=\"false\">Sexta, 07 de novembro<\/div>\n\t\t\t\t\t\t\t\t\t<div id=\"elementor-tab-title-2613\" class=\"elementor-tab-title elementor-tab-desktop-title\" aria-selected=\"false\" data-tab=\"3\" role=\"tab\" tabindex=\"-1\" aria-controls=\"elementor-tab-content-2613\" aria-expanded=\"false\">Sabado, 08 de novembro<\/div>\n\t\t\t\t\t\t\t\t\t<div id=\"elementor-tab-title-2614\" class=\"elementor-tab-title elementor-tab-desktop-title\" aria-selected=\"false\" data-tab=\"4\" role=\"tab\" tabindex=\"-1\" aria-controls=\"elementor-tab-content-2614\" aria-expanded=\"false\">Domingo, 09 de novembro<\/div>\n\t\t\t\t\t\t\t<\/div>\n\t\t\t<div class=\"elementor-tabs-content-wrapper\" role=\"tablist\" aria-orientation=\"vertical\">\n\t\t\t\t\t\t\t\t\t<div class=\"elementor-tab-title elementor-tab-mobile-title\" aria-selected=\"true\" data-tab=\"1\" role=\"tab\" tabindex=\"0\" aria-controls=\"elementor-tab-content-2611\" aria-expanded=\"false\">Quinta, 06 de novembro<\/div>\n\t\t\t\t\t<div id=\"elementor-tab-content-2611\" class=\"elementor-tab-content elementor-clearfix\" data-tab=\"1\" role=\"tabpanel\" aria-labelledby=\"elementor-tab-title-2611\" tabindex=\"0\" hidden=\"false\"><table width=\"581\"><tbody><tr><td width=\"87\">HOR\u00c1RIO<\/td><td width=\"494\">ATIVIDADE<\/td><\/tr><tr><td width=\"87\">8h<\/td><td width=\"494\">Livre<\/td><\/tr><tr><td width=\"87\">9h<\/td><td width=\"494\">Livre<\/td><\/tr><tr><td width=\"87\">10h<\/td><td width=\"494\">Livre<\/td><\/tr><tr><td width=\"87\">10h30<\/td><td width=\"494\">Livre<\/td><\/tr><tr><td width=\"87\">11h30<\/td><td width=\"494\">Livre<\/td><\/tr><tr><td width=\"87\">12h<\/td><td width=\"494\">Livre<\/td><\/tr><tr><td width=\"87\">13h<\/td><td width=\"494\">Livre<\/td><\/tr><tr><td width=\"87\">14h<\/td><td width=\"494\">LIVRE<\/td><\/tr><tr><td width=\"87\">15h<\/td><td width=\"494\">Check-in<\/td><\/tr><tr><td width=\"87\">15h45<\/td><td width=\"494\">Livre<\/td><\/tr><tr><td width=\"87\">16h<\/td><td width=\"494\">Livre<\/td><\/tr><tr><td width=\"87\">16H30<\/td><td width=\"494\">Livre<\/td><\/tr><tr><td width=\"87\">17h<\/td><td width=\"494\">Credenciamento<\/td><\/tr><tr><td width=\"87\">18h<\/td><td width=\"494\">Momento Pol\u00edtico<\/td><\/tr><tr><td width=\"87\">19h<\/td><td width=\"494\">Palestra Magna<\/td><\/tr><tr><td width=\"87\">19H30<\/td><td width=\"494\">Palestra Magna<\/td><\/tr><tr><td width=\"87\">20h<\/td><td width=\"494\">Jantar de boas-vindas<\/td><\/tr><tr><td width=\"87\">20h30<\/td><td width=\"494\">Jantar de boas-vindas<\/td><\/tr><tr><td width=\"87\">21h<\/td><td width=\"494\">Jantar de boas-vindas<\/td><\/tr><tr><td width=\"87\">22h<\/td><td width=\"494\">Jantar de boas-vindas<\/td><\/tr><tr><td width=\"87\">23h<\/td><td width=\"494\">Livre<\/td><\/tr><tr><td width=\"87\">24h<\/td><td width=\"494\">Livre<\/td><\/tr><tr><td width=\"87\">1h<\/td><td width=\"494\">Livre<\/td><\/tr><tr><td width=\"87\">2h<\/td><td width=\"494\">Livre<\/td><\/tr><\/tbody><\/table><\/div>\n\t\t\t\t\t\t\t\t\t<div class=\"elementor-tab-title elementor-tab-mobile-title\" aria-selected=\"false\" data-tab=\"2\" role=\"tab\" tabindex=\"-1\" aria-controls=\"elementor-tab-content-2612\" aria-expanded=\"false\">Sexta, 07 de novembro<\/div>\n\t\t\t\t\t<div id=\"elementor-tab-content-2612\" class=\"elementor-tab-content elementor-clearfix\" data-tab=\"2\" role=\"tabpanel\" aria-labelledby=\"elementor-tab-title-2612\" tabindex=\"0\" hidden=\"hidden\"><table width=\"703\"><tbody><tr><td width=\"87\">HOR\u00c1RIO<\/td><td width=\"616\">ATIVIDADE<\/td><\/tr><tr><td width=\"87\">8h<\/td><td width=\"616\">Livre<\/td><\/tr><tr><td width=\"87\">9h<\/td><td width=\"616\">Palestra 50 minutos &#8211; ROCELO SMARTPAY\u00a0 &#8211; Futuro das Stablecoins para o mercado e reguladores<\/td><\/tr><tr><td width=\"87\">10h<\/td><td width=\"616\">Palestra 30 minutos FOXBIT\u00a0 &#8211; O Papel das Exchanges na Coopera\u00e7\u00e3o com Autoridades Policiais\u00a0 \u00a0\u00a0\u00a0\u00a0\u00a0\u00a0<\/td><\/tr><tr><td width=\"87\">10h30<\/td><td width=\"616\">Intervalo<\/td><\/tr><tr><td width=\"87\">11h30<\/td><td width=\"616\">Palestra 15 minutos &#8211; Techbiz\/Chainalysis &#8211; Ferramenta de Blockchain Intelligence Reactor<\/td><\/tr><tr><td width=\"87\">12h<\/td><td width=\"616\">Almo\u00e7o normal<\/td><\/tr><tr><td width=\"87\">13h<\/td><td width=\"616\">Almo\u00e7o normal<\/td><\/tr><tr><td width=\"87\">14h<\/td><td width=\"616\">Painel Fox\/NOVADAX\/COAF- Comunica\u00e7\u00f5es opera\u00e7\u00f5es suspeitas por provedoras de servi\u00e7oes de ativos virtuais ao COAF<\/td><\/tr><tr><td width=\"87\">15h<\/td><td width=\"616\">Painel pr\u00e1tico &#8211; Recupera\u00e7\u00e3o de carteiras ou Rastreamento de Transa\u00e7\u00f5es (Betina Teixeira)<\/td><\/tr><tr><td width=\"87\">15h45<\/td><td width=\"616\">Painel pr\u00e1tico &#8211; Continua\u00e7\u00e3o\u00a0\u00a0\u00a0\u00a0\u00a0<\/td><\/tr><tr><td width=\"87\">16h<\/td><td width=\"616\">Livre<\/td><\/tr><tr><td width=\"87\">16H30<\/td><td width=\"616\">Evento de integra\u00e7\u00e3o no Savana Tropical<\/td><\/tr><tr><td width=\"87\">17h<\/td><td width=\"616\">Evento de integra\u00e7\u00e3o no Savana Tropical<\/td><\/tr><tr><td width=\"87\">18h<\/td><td width=\"616\">Evento de integra\u00e7\u00e3o no Savana Tropical<\/td><\/tr><tr><td width=\"87\">19h<\/td><td width=\"616\">Evento de integra\u00e7\u00e3o no Savana Tropical<\/td><\/tr><tr><td width=\"87\">19H30<\/td><td width=\"616\">Livre<\/td><\/tr><tr><td width=\"87\">20h<\/td><td width=\"616\">Livre<\/td><\/tr><tr><td width=\"87\">20h30<\/td><td width=\"616\">Livre<\/td><\/tr><tr><td width=\"87\">21h<\/td><td width=\"616\">Livre<\/td><\/tr><tr><td width=\"87\">22h<\/td><td width=\"616\">Livre<\/td><\/tr><tr><td width=\"87\">23h<\/td><td width=\"616\">Livre<\/td><\/tr><tr><td width=\"87\">24h<\/td><td width=\"616\">Livre<\/td><\/tr><tr><td width=\"87\">1h<\/td><td width=\"616\">Livre<\/td><\/tr><tr><td width=\"87\">2h<\/td><td width=\"616\">Livre<\/td><\/tr><\/tbody><\/table><\/div>\n\t\t\t\t\t\t\t\t\t<div class=\"elementor-tab-title elementor-tab-mobile-title\" aria-selected=\"false\" data-tab=\"3\" role=\"tab\" tabindex=\"-1\" aria-controls=\"elementor-tab-content-2613\" aria-expanded=\"false\">Sabado, 08 de novembro<\/div>\n\t\t\t\t\t<div id=\"elementor-tab-content-2613\" class=\"elementor-tab-content elementor-clearfix\" data-tab=\"3\" role=\"tabpanel\" aria-labelledby=\"elementor-tab-title-2613\" tabindex=\"0\" hidden=\"hidden\"><table width=\"713\"><tbody><tr><td width=\"87\">HOR\u00c1RIO<\/td><td width=\"626\">ATIVIDADE<\/td><\/tr><tr><td width=\"87\">8h<\/td><td width=\"626\">Livre<\/td><\/tr><tr><td width=\"87\">9h<\/td><td width=\"626\">Palestra 40 minutos &#8211; Qual caminho seguir? Ferramenta F\u00eanix e os caminhos de deriva\u00e7\u00e3o &#8211; Vytautas Fabiano Silva Zumas<\/td><\/tr><tr><td width=\"87\">10h<\/td><td width=\"626\">Palestra 40 minutos &#8211; Criptojud<\/td><\/tr><tr><td width=\"87\">10h30<\/td><td width=\"626\">Intervalo<\/td><\/tr><tr><td width=\"87\">11h30<\/td><td width=\"626\">Palestra 30 minutos &#8211; NOVADAX &#8211; Do Bloqueio \u00e0 Liquida\u00e7\u00e3o: Orienta\u00e7\u00f5es Pr\u00e1ticas para Atua\u00e7\u00e3o Policial junto a Exchanges<\/td><\/tr><tr><td width=\"87\">12h<\/td><td width=\"626\">Almo\u00e7o normal<\/td><\/tr><tr><td width=\"87\">13h<\/td><td width=\"626\">Almo\u00e7o normal<\/td><\/tr><tr><td width=\"87\">14h<\/td><td width=\"626\">Almo\u00e7o normal<\/td><\/tr><tr><td width=\"87\">15h<\/td><td width=\"626\">Almo\u00e7o normal<\/td><\/tr><tr><td width=\"87\">15h45<\/td><td width=\"626\">Livre<\/td><\/tr><tr><td width=\"87\">16h<\/td><td width=\"626\">Livre<\/td><\/tr><tr><td width=\"87\">16H30<\/td><td width=\"626\">Livre<\/td><\/tr><tr><td width=\"87\">17h<\/td><td width=\"626\">Livre<\/td><\/tr><tr><td width=\"87\">18h<\/td><td width=\"626\">Livre<\/td><\/tr><tr><td width=\"87\">19h<\/td><td width=\"626\">Confraterniza\u00e7\u00e3o final de ano( SINDEPOL )<\/td><\/tr><tr><td width=\"87\">19H30<\/td><td width=\"626\">Confraterniza\u00e7\u00e3o final de ano( SINDEPOL )<\/td><\/tr><tr><td width=\"87\">20h<\/td><td width=\"626\">Confraterniza\u00e7\u00e3o final de ano( SINDEPOL )<\/td><\/tr><tr><td width=\"87\">20h30<\/td><td width=\"626\">Confraterniza\u00e7\u00e3o final de ano( SINDEPOL )<\/td><\/tr><tr><td width=\"87\">21h<\/td><td width=\"626\">Confraterniza\u00e7\u00e3o final de ano( SINDEPOL )<\/td><\/tr><tr><td width=\"87\">22h<\/td><td width=\"626\">Confraterniza\u00e7\u00e3o final de ano( SINDEPOL )<\/td><\/tr><tr><td width=\"87\">23h<\/td><td width=\"626\">Confraterniza\u00e7\u00e3o final de ano( SINDEPOL )<\/td><\/tr><tr><td width=\"87\">24h<\/td><td width=\"626\">Confraterniza\u00e7\u00e3o final de ano( SINDEPOL )<\/td><\/tr><tr><td width=\"87\">1h<\/td><td width=\"626\">Encerramento do evento<\/td><\/tr><tr><td width=\"87\">2h<\/td><td width=\"626\">Encerramento do evento<\/td><\/tr><\/tbody><\/table><\/div>\n\t\t\t\t\t\t\t\t\t<div class=\"elementor-tab-title elementor-tab-mobile-title\" aria-selected=\"false\" data-tab=\"4\" role=\"tab\" tabindex=\"-1\" aria-controls=\"elementor-tab-content-2614\" aria-expanded=\"false\">Domingo, 09 de novembro<\/div>\n\t\t\t\t\t<div id=\"elementor-tab-content-2614\" class=\"elementor-tab-content elementor-clearfix\" data-tab=\"4\" role=\"tabpanel\" aria-labelledby=\"elementor-tab-title-2614\" tabindex=\"0\" hidden=\"hidden\"><table width=\"707\"><tbody><tr><td width=\"87\">HOR\u00c1RIO<\/td><td width=\"620\">ATIVIDADE<\/td><\/tr><tr><td width=\"87\">8h<\/td><td width=\"620\">Livre<\/td><\/tr><tr><td width=\"87\">9h<\/td><td width=\"620\">Livre<\/td><\/tr><tr><td width=\"87\">10h<\/td><td width=\"620\">Livre<\/td><\/tr><tr><td width=\"87\">10h30<\/td><td width=\"620\">Livre<\/td><\/tr><tr><td width=\"87\">11h30<\/td><td width=\"620\">Livre<\/td><\/tr><tr><td width=\"87\">12h<\/td><td width=\"620\">Check-out<\/td><\/tr><tr><td width=\"87\">13h<\/td><td width=\"620\">Almo\u00e7o normal<\/td><\/tr><tr><td width=\"87\">14h<\/td><td width=\"620\">Almo\u00e7o normal<\/td><\/tr><tr><td width=\"87\">15h<\/td><td width=\"620\">Almo\u00e7o normal<\/td><\/tr><tr><td width=\"87\">15h45<\/td><td width=\"620\">Livre<\/td><\/tr><tr><td width=\"87\">16h<\/td><td width=\"620\">Livre<\/td><\/tr><tr><td width=\"87\">16H30<\/td><td width=\"620\">Livre<\/td><\/tr><tr><td width=\"87\">17h<\/td><td width=\"620\">Livre<\/td><\/tr><tr><td width=\"87\">18h<\/td><td width=\"620\">Livre<\/td><\/tr><\/tbody><\/table><\/div>\n\t\t\t\t\t\t\t<\/div>\n\t\t<\/div>\n\t\t\t\t\t\t<\/div>\n\t\t\t\t<\/div>\n\t\t\t\t\t<\/div>\n\t\t<\/div>\n\t\t\t\t\t<\/div>\n\t\t<\/section>\n\t\t\t\t<\/div>\n\t\t","protected":false},"excerpt":{"rendered":"<p>Quinta, 06 de novembro Sexta, 07 de novembro Sabado, 08 de novembro Domingo, 09 de novembro Quinta, 06 de novembro HOR\u00c1RIO ATIVIDADE 8h Livre 9h Livre 10h Livre 10h30 Livre 11h30 Livre 12h Livre 13h Livre 14h LIVRE 15h Check-in 15h45 Livre 16h Livre 16H30 Livre 17h Credenciamento 18h Momento Pol\u00edtico 19h Palestra Magna 19H30 [&hellip;]<\/p>\n","protected":false},"author":1,"featured_media":0,"parent":0,"menu_order":0,"comment_status":"closed","ping_status":"closed","template":"elementor_header_footer","meta":{"footnotes":""},"class_list":["post-22","page","type-page","status-publish","hentry"],"aioseo_notices":[],"_hostinger_reach_plugin_has_subscription_block":false,"_hostinger_reach_plugin_is_elementor":false,"_links":{"self":[{"href":"https:\/\/congressosindepol.com.br\/2025\/wp-json\/wp\/v2\/pages\/22","targetHints":{"allow":["GET"]}}],"collection":[{"href":"https:\/\/congressosindepol.com.br\/2025\/wp-json\/wp\/v2\/pages"}],"about":[{"href":"https:\/\/congressosindepol.com.br\/2025\/wp-json\/wp\/v2\/types\/page"}],"author":[{"embeddable":true,"href":"https:\/\/congressosindepol.com.br\/2025\/wp-json\/wp\/v2\/users\/1"}],"replies":[{"embeddable":true,"href":"https:\/\/congressosindepol.com.br\/2025\/wp-json\/wp\/v2\/comments?post=22"}],"version-history":[{"count":274,"href":"https:\/\/congressosindepol.com.br\/2025\/wp-json\/wp\/v2\/pages\/22\/revisions"}],"predecessor-version":[{"id":2191,"href":"https:\/\/congressosindepol.com.br\/2025\/wp-json\/wp\/v2\/pages\/22\/revisions\/2191"}],"wp:attachment":[{"href":"https:\/\/congressosindepol.com.br\/2025\/wp-json\/wp\/v2\/media?parent=22"}],"curies":[{"name":"wp","href":"https:\/\/api.w.org\/{rel}","templated":true}]}}