{"id":24,"date":"2021-07-07T21:46:00","date_gmt":"2021-07-08T00:46:00","guid":{"rendered":"https:\/\/congressosindepol.com.br\/?page_id=24"},"modified":"2025-09-22T14:04:31","modified_gmt":"2025-09-22T17:04:31","slug":"inscricoes","status":"publish","type":"page","link":"https:\/\/congressosindepol.com.br\/2025\/inscricoes\/","title":{"rendered":"Inscri\u00e7\u00f5es"},"content":{"rendered":"\t\t<div data-elementor-type=\"wp-page\" data-elementor-id=\"24\" class=\"elementor elementor-24\" data-elementor-post-type=\"page\">\n\t\t\t\t\t\t<section class=\"elementor-section elementor-top-section elementor-element elementor-element-3222154a elementor-section-height-min-height elementor-section-boxed elementor-section-height-default elementor-section-items-middle\" data-id=\"3222154a\" data-element_type=\"section\" data-e-type=\"section\" data-settings=\"{&quot;background_background&quot;:&quot;classic&quot;}\">\n\t\t\t\t\t\t\t<div class=\"elementor-background-overlay\"><\/div>\n\t\t\t\t\t\t\t<div class=\"elementor-container elementor-column-gap-default\">\n\t\t\t\t\t<div class=\"elementor-column elementor-col-100 elementor-top-column elementor-element elementor-element-7f34a2cd\" data-id=\"7f34a2cd\" data-element_type=\"column\" data-e-type=\"column\">\n\t\t\t<div class=\"elementor-widget-wrap elementor-element-populated\">\n\t\t\t\t\t\t<div class=\"elementor-element elementor-element-400c1394 elementor-widget elementor-widget-theme-post-title elementor-page-title elementor-widget-heading\" data-id=\"400c1394\" data-element_type=\"widget\" data-e-type=\"widget\" data-widget_type=\"theme-post-title.default\">\n\t\t\t\t<div class=\"elementor-widget-container\">\n\t\t\t\t\t<h1 class=\"elementor-heading-title elementor-size-default\">Inscri\u00e7\u00f5es<\/h1>\t\t\t\t<\/div>\n\t\t\t\t<\/div>\n\t\t\t\t\t<\/div>\n\t\t<\/div>\n\t\t\t\t\t<\/div>\n\t\t<\/section>\n\t\t\t\t<section class=\"elementor-section elementor-top-section elementor-element elementor-element-a7d131a elementor-section-boxed elementor-section-height-default elementor-section-height-default\" data-id=\"a7d131a\" data-element_type=\"section\" data-e-type=\"section\">\n\t\t\t\t\t\t<div class=\"elementor-container elementor-column-gap-default\">\n\t\t\t\t\t<div class=\"elementor-column elementor-col-100 elementor-top-column elementor-element elementor-element-eb059bd\" data-id=\"eb059bd\" data-element_type=\"column\" data-e-type=\"column\">\n\t\t\t<div class=\"elementor-widget-wrap elementor-element-populated\">\n\t\t\t\t\t\t<div class=\"elementor-element elementor-element-1d4b3a3 elementor-widget elementor-widget-text-editor\" data-id=\"1d4b3a3\" data-element_type=\"widget\" data-e-type=\"widget\" data-widget_type=\"text-editor.default\">\n\t\t\t\t<div class=\"elementor-widget-container\">\n\t\t\t\t\t\t\t\t\t<p style=\"text-align: center;\"><span style=\"color: #000000;\"><strong>GARANTA J\u00c1 A SUA VAGA!<\/strong><\/span><\/p>\t\t\t\t\t\t\t\t<\/div>\n\t\t\t\t<\/div>\n\t\t\t\t\t<\/div>\n\t\t<\/div>\n\t\t\t\t\t<\/div>\n\t\t<\/section>\n\t\t\t\t<section class=\"elementor-section elementor-top-section elementor-element elementor-element-9c85232 elementor-section-boxed elementor-section-height-default elementor-section-height-default\" data-id=\"9c85232\" data-element_type=\"section\" data-e-type=\"section\">\n\t\t\t\t\t\t<div class=\"elementor-container elementor-column-gap-default\">\n\t\t\t\t\t<div class=\"elementor-column elementor-col-100 elementor-top-column elementor-element elementor-element-d446e36\" data-id=\"d446e36\" data-element_type=\"column\" data-e-type=\"column\">\n\t\t\t<div class=\"elementor-widget-wrap elementor-element-populated\">\n\t\t\t\t\t\t<div class=\"elementor-element elementor-element-4856cd7 elementor-widget elementor-widget-text-editor\" data-id=\"4856cd7\" data-element_type=\"widget\" data-e-type=\"widget\" data-widget_type=\"text-editor.default\">\n\t\t\t\t<div class=\"elementor-widget-container\">\n\t\t\t\t\t\t\t\t\t<p style=\"text-align: left;\">Aproveite para fazer a sua inscri\u00e7\u00e3o e usufruir de <strong>benef\u00edcios exclusivos<\/strong> oferecidos ao longo dos tr\u00eas (3) dias de evento.<\/p><p style=\"text-align: left;\"><strong>A validade deste lote \u00e9 at\u00e9 15\/09\/2025 ou at\u00e9 atingirmos 220 inscri\u00e7\u00f5es, o que ocorrer primeiro.<\/strong><\/p>\t\t\t\t\t\t\t\t<\/div>\n\t\t\t\t<\/div>\n\t\t\t\t\t<\/div>\n\t\t<\/div>\n\t\t\t\t\t<\/div>\n\t\t<\/section>\n\t\t\t\t<section class=\"elementor-section elementor-top-section elementor-element elementor-element-a6bb984 elementor-section-boxed elementor-section-height-default elementor-section-height-default\" data-id=\"a6bb984\" data-element_type=\"section\" data-e-type=\"section\">\n\t\t\t\t\t\t<div class=\"elementor-container elementor-column-gap-default\">\n\t\t\t\t\t<div class=\"elementor-column elementor-col-100 elementor-top-column elementor-element elementor-element-ef97640\" data-id=\"ef97640\" data-element_type=\"column\" data-e-type=\"column\">\n\t\t\t<div class=\"elementor-widget-wrap elementor-element-populated\">\n\t\t\t\t\t\t<div class=\"elementor-element elementor-element-c1b03c8 elementor-widget elementor-widget-text-editor\" data-id=\"c1b03c8\" data-element_type=\"widget\" data-e-type=\"widget\" data-widget_type=\"text-editor.default\">\n\t\t\t\t<div class=\"elementor-widget-container\">\n\t\t\t\t\t\t\t\t\t<table width=\"888\"><tbody><tr><td width=\"404\">CATEGORIA<\/td><td width=\"128\">SINDEPOL\/GO<\/td><td width=\"169\">ADEPOL\/FENDEPOL<\/td><td width=\"187\">OUTROS DELEGADOS PATROCINADOR<\/td><\/tr><tr><td width=\"404\">Delegado(a) de Pol\u00edcia<\/td><td width=\"128\">R$440,00<\/td><td width=\"169\">R$560,00<\/td><td width=\"187\">R$650,00<\/td><\/tr><tr><td width=\"404\">1\u00ba acompanhante: c\u00f4njuge ou companheiro<\/td><td width=\"128\">R$490,00<\/td><td width=\"169\">R$640,00<\/td><td width=\"187\">R$750,00<\/td><\/tr><tr><td width=\"404\">Acompanhante adicional<\/td><td width=\"128\">R$760,00<\/td><td width=\"169\">R$990,00<\/td><td width=\"187\">R$1.140,00<\/td><\/tr><tr><td width=\"404\">Crian\u00e7as de 0 a 6 anos<\/td><td width=\"128\">R$0,00<\/td><td width=\"169\">R$0,00<\/td><td width=\"187\">R$0,00<\/td><\/tr><tr><td width=\"404\">Crian\u00e7as de 7 a 12 anos<\/td><td width=\"128\">R$240,00<\/td><td width=\"169\">R$320,00<\/td><td width=\"187\">R$370,00<\/td><\/tr><tr><td width=\"404\">Adolescentes acima de 13 anos\u00a0(equiparado a adulto)<\/td><td width=\"128\">R$490,00<\/td><td width=\"169\">R$640,00<\/td><td width=\"187\">R$750,00<\/td><\/tr><\/tbody><\/table>\t\t\t\t\t\t\t\t<\/div>\n\t\t\t\t<\/div>\n\t\t\t\t\t<\/div>\n\t\t<\/div>\n\t\t\t\t\t<\/div>\n\t\t<\/section>\n\t\t\t\t<section class=\"elementor-section elementor-top-section elementor-element elementor-element-8e5f0cf elementor-section-boxed elementor-section-height-default elementor-section-height-default\" data-id=\"8e5f0cf\" data-element_type=\"section\" data-e-type=\"section\">\n\t\t\t\t\t\t<div class=\"elementor-container elementor-column-gap-default\">\n\t\t\t\t\t<div class=\"elementor-column elementor-col-100 elementor-top-column elementor-element elementor-element-7510793\" data-id=\"7510793\" data-element_type=\"column\" data-e-type=\"column\">\n\t\t\t<div class=\"elementor-widget-wrap elementor-element-populated\">\n\t\t\t\t\t\t<div class=\"elementor-element elementor-element-02aad5f elementor-tabs-alignment-stretch elementor-tabs-view-horizontal elementor-widget elementor-widget-tabs\" data-id=\"02aad5f\" data-element_type=\"widget\" data-e-type=\"widget\" data-widget_type=\"tabs.default\">\n\t\t\t\t<div class=\"elementor-widget-container\">\n\t\t\t\t\t\t\t<div class=\"elementor-tabs\">\n\t\t\t<div class=\"elementor-tabs-wrapper\" role=\"tablist\" >\n\t\t\t\t\t\t\t\t\t<div id=\"elementor-tab-title-2791\" class=\"elementor-tab-title elementor-tab-desktop-title\" aria-selected=\"true\" data-tab=\"1\" role=\"tab\" tabindex=\"0\" aria-controls=\"elementor-tab-content-2791\" aria-expanded=\"false\">Regras Gerais<\/div>\n\t\t\t\t\t\t\t\t\t<div id=\"elementor-tab-title-2792\" class=\"elementor-tab-title elementor-tab-desktop-title\" aria-selected=\"false\" data-tab=\"2\" role=\"tab\" tabindex=\"-1\" aria-controls=\"elementor-tab-content-2792\" aria-expanded=\"false\">Formas de Pagamento<\/div>\n\t\t\t\t\t\t\t\t\t<div id=\"elementor-tab-title-2793\" class=\"elementor-tab-title elementor-tab-desktop-title\" aria-selected=\"false\" data-tab=\"3\" role=\"tab\" tabindex=\"-1\" aria-controls=\"elementor-tab-content-2793\" aria-expanded=\"false\">Confirma\u00e7\u00e3o<\/div>\n\t\t\t\t\t\t\t\t\t<div id=\"elementor-tab-title-2794\" class=\"elementor-tab-title elementor-tab-desktop-title\" aria-selected=\"false\" data-tab=\"4\" role=\"tab\" tabindex=\"-1\" aria-controls=\"elementor-tab-content-2794\" aria-expanded=\"false\">Pol\u00edtica de Devolu\u00e7\u00e3o<\/div>\n\t\t\t\t\t\t\t<\/div>\n\t\t\t<div class=\"elementor-tabs-content-wrapper\" role=\"tablist\" aria-orientation=\"vertical\">\n\t\t\t\t\t\t\t\t\t<div class=\"elementor-tab-title elementor-tab-mobile-title\" aria-selected=\"true\" data-tab=\"1\" role=\"tab\" tabindex=\"0\" aria-controls=\"elementor-tab-content-2791\" aria-expanded=\"false\">Regras Gerais<\/div>\n\t\t\t\t\t<div id=\"elementor-tab-content-2791\" class=\"elementor-tab-content elementor-clearfix\" data-tab=\"1\" role=\"tabpanel\" aria-labelledby=\"elementor-tab-title-2791\" tabindex=\"0\" hidden=\"false\"><p>O pagamento deve ser feito \u00e0 vista e por<strong> PIX.<\/strong>\u00a0Em caso de desist\u00eancia,\u00a0<strong>n\u00e3o haver\u00e1 reembolso;<\/strong>\u00a0no entanto,\u00a0<strong>a transfer\u00eancia da inscri\u00e7\u00e3o para outro sindicalizado ou delegado ser\u00e1 permitida.<\/strong><\/p><p>Para os participantes que, por motivos de <strong>for\u00e7a maior<\/strong>, n\u00e3o puderem comparecer ao evento e que informarem com anteced\u00eancia de 72 horas, mediante a apresenta\u00e7\u00e3o de <strong>atestado m\u00e9dico<\/strong>, ser\u00e1 concedido um <strong>voucher no valor integral das hospedagens pagas ao Tau\u00e1 Resort.<\/strong><\/p><p>\u00c9 importante ressaltar que o <strong>voucher<\/strong> est\u00e1 vinculado ao valor promocional pago e pode ser utilizado para di\u00e1rias futuras, com <strong>validade de 6 meses<\/strong>. Na ocasi\u00e3o do uso, caso o valor da di\u00e1ria seja superior ao valor do voucher, a diferen\u00e7a dever\u00e1 ser paga ao <strong>Tau\u00e1 Resort.<\/strong><\/p><\/div>\n\t\t\t\t\t\t\t\t\t<div class=\"elementor-tab-title elementor-tab-mobile-title\" aria-selected=\"false\" data-tab=\"2\" role=\"tab\" tabindex=\"-1\" aria-controls=\"elementor-tab-content-2792\" aria-expanded=\"false\">Formas de Pagamento<\/div>\n\t\t\t\t\t<div id=\"elementor-tab-content-2792\" class=\"elementor-tab-content elementor-clearfix\" data-tab=\"2\" role=\"tabpanel\" aria-labelledby=\"elementor-tab-title-2792\" tabindex=\"0\" hidden=\"hidden\"><ul><li>Boleto Banc\u00e1rio<\/li><li>Cart\u00e3o de Cr\u00e9dito<\/li><li>PIX<\/li><\/ul><\/div>\n\t\t\t\t\t\t\t\t\t<div class=\"elementor-tab-title elementor-tab-mobile-title\" aria-selected=\"false\" data-tab=\"3\" role=\"tab\" tabindex=\"-1\" aria-controls=\"elementor-tab-content-2793\" aria-expanded=\"false\">Confirma\u00e7\u00e3o<\/div>\n\t\t\t\t\t<div id=\"elementor-tab-content-2793\" class=\"elementor-tab-content elementor-clearfix\" data-tab=\"3\" role=\"tabpanel\" aria-labelledby=\"elementor-tab-title-2793\" tabindex=\"0\" hidden=\"hidden\"><p>Sua inscri\u00e7\u00e3o ser\u00e1 confirmada automaticamente ap\u00f3s o sucesso no pagamento com\u00a0<strong>Cart\u00e3o de Cr\u00e9dito<\/strong> ou<strong> PIX<\/strong>, ou em at\u00e9 1 dia \u00fatil ap\u00f3s o pagamento por <strong>Boleto Banc\u00e1rio<\/strong>.<\/p><p>Voc\u00ea receber\u00e1 um email de confirma\u00e7\u00e3o do pagamento e poder\u00e1 a qualquer momento consultar o status de sua inscri\u00e7\u00e3o em Login.<\/p><\/div>\n\t\t\t\t\t\t\t\t\t<div class=\"elementor-tab-title elementor-tab-mobile-title\" aria-selected=\"false\" data-tab=\"4\" role=\"tab\" tabindex=\"-1\" aria-controls=\"elementor-tab-content-2794\" aria-expanded=\"false\">Pol\u00edtica de Devolu\u00e7\u00e3o<\/div>\n\t\t\t\t\t<div id=\"elementor-tab-content-2794\" class=\"elementor-tab-content elementor-clearfix\" data-tab=\"4\" role=\"tabpanel\" aria-labelledby=\"elementor-tab-title-2794\" tabindex=\"0\" hidden=\"hidden\"><p><strong><u>INSCRI\u00c7\u00d5ES:<\/u><\/strong><\/p><p>Em caso de desist\u00eancia da inscri\u00e7\u00e3o, <strong>n\u00e3o haver\u00e1 reembolso<\/strong>; no entanto, <strong>ela poder\u00e1 ser transferida para outro sindicalizado ou delegado, desde que seja para a mesma categoria do inscrito<\/strong>.<\/p><p><strong>\u00a0<\/strong><\/p><p><strong><u>HOSPEDAGENS:<\/u><\/strong><\/p><p><strong>O cancelamento n\u00e3o ser\u00e1 permitido, e as tarifas n\u00e3o s\u00e3o reembols\u00e1veis.<\/strong> No entanto, \u00e9 poss\u00edvel transferir a reseva para outro sindicalizado ou delegado. Essa transfer\u00eancia deve ser comunicada com pelo menos <strong>72 horas de anteced\u00eancia.<\/strong><\/p><p>Para os participantes que, por motivos de <strong>for\u00e7a maior<\/strong>, n\u00e3o puderem comparecer ao evento e que informarem com anteced\u00eancia de 72 horas, mediante a apresenta\u00e7\u00e3o de <strong>atestado m\u00e9dico<\/strong>, ser\u00e1 concedido um <strong>voucher no valor integral das hospedagens pagas ao Tau\u00e1 Resort.<\/strong><\/p><p>\u00c9 importante ressaltar que o <strong>voucher<\/strong> est\u00e1 vinculado ao valor promocional pago e pode ser utilizado para di\u00e1rias futuras, com <strong>validade de 6 meses<\/strong>. Na ocasi\u00e3o do uso, caso o valor da di\u00e1ria seja superior ao valor do voucher, a diferen\u00e7a dever\u00e1 ser paga ao <strong>Tau\u00e1 Resort<\/strong><\/p><\/div>\n\t\t\t\t\t\t\t<\/div>\n\t\t<\/div>\n\t\t\t\t\t\t<\/div>\n\t\t\t\t<\/div>\n\t\t\t\t\t<\/div>\n\t\t<\/div>\n\t\t\t\t\t<\/div>\n\t\t<\/section>\n\t\t\t\t<section class=\"elementor-section elementor-top-section elementor-element elementor-element-055d06e elementor-section-boxed elementor-section-height-default elementor-section-height-default\" data-id=\"055d06e\" data-element_type=\"section\" data-e-type=\"section\" data-settings=\"{&quot;background_background&quot;:&quot;classic&quot;}\">\n\t\t\t\t\t\t<div class=\"elementor-container elementor-column-gap-default\">\n\t\t\t\t\t<div class=\"elementor-column elementor-col-50 elementor-top-column elementor-element elementor-element-f3d5067\" data-id=\"f3d5067\" data-element_type=\"column\" data-e-type=\"column\" data-settings=\"{&quot;background_background&quot;:&quot;classic&quot;}\">\n\t\t\t<div class=\"elementor-widget-wrap elementor-element-populated\">\n\t\t\t\t\t\t<div class=\"elementor-element elementor-element-2526127 elementor-widget elementor-widget-heading\" data-id=\"2526127\" data-element_type=\"widget\" data-e-type=\"widget\" data-widget_type=\"heading.default\">\n\t\t\t\t<div class=\"elementor-widget-container\">\n\t\t\t\t\t<h2 class=\"elementor-heading-title elementor-size-default\">O valor da inscri\u00e7\u00e3o inclui<\/h2>\t\t\t\t<\/div>\n\t\t\t\t<\/div>\n\t\t\t\t\t<\/div>\n\t\t<\/div>\n\t\t\t\t<div class=\"elementor-column elementor-col-50 elementor-top-column elementor-element elementor-element-bbc6acd\" data-id=\"bbc6acd\" data-element_type=\"column\" data-e-type=\"column\" data-settings=\"{&quot;background_background&quot;:&quot;classic&quot;}\">\n\t\t\t<div class=\"elementor-widget-wrap elementor-element-populated\">\n\t\t\t\t\t\t<div class=\"elementor-element elementor-element-9f87e30 elementor-widget elementor-widget-text-editor\" data-id=\"9f87e30\" data-element_type=\"widget\" data-e-type=\"widget\" data-widget_type=\"text-editor.default\">\n\t\t\t\t<div class=\"elementor-widget-container\">\n\t\t\t\t\t\t\t\t\t<ul><li><strong>Palestras do Congresso;<\/strong><\/li><li><strong>Jantar<\/strong>, no dia\u00a0<strong>06\/11\/25<\/strong>, em ambiente reservado, com m\u00fasica ao vivo e <strong>pacote de bebidas por<\/strong>\u00a0<strong>3 horas;<\/strong><\/li><li><strong>Evento de integra\u00e7\u00e3o<\/strong>, na tarde do dia\u00a0<strong>07\/11\/25<\/strong>, no espa\u00e7o\u00a0<strong>Savana Tropical<\/strong>, com card\u00e1pio variado, m\u00fasica ao vivo e <strong>pacote de bebidas por\u00a03 horas;<\/strong><\/li><li><strong>Festa de encerramento<\/strong>, na noite do dia\u00a0<strong>08\/11\/25<\/strong>, incluindo jantar com banda musical\/DJ e <strong>pacote de bebidas por\u00a06 horas;<\/strong><\/li><li><strong>Pacote de bebidas:<\/strong>\u00a0espumante, cerveja Heineken, suco, refrigerante e \u00e1gua.<\/li><li>Os h\u00f3spedes que estiverem acompanhados de\u00a0<strong>delegados inscritos<\/strong>\u00a0podem adquirir ingressos para os eventos sociais listados acima, contanto que haja\u00a0<strong>disponibilidade<\/strong>\u00a0para atender \u00e0 demanda.<\/li><li>O valor para qualquer um dos tr\u00eas eventos (avulsos) ser\u00e1 de\u00a0<strong>R$ 490,00\u00a0\u00a0\u00a0\u00a0\u00a0\u00a0 (<\/strong><strong>q<\/strong><strong><em>uatrocentos e noventa reais<\/em><\/strong><strong>)<em> para adultos e R$<\/em>\u00a0350,00<\/strong>\u00a0(<strong>trezentos e cinquenta reais)<\/strong> para crian\u00e7as de\u00a0<strong>7 a 12 anos<\/strong>\u00a0de idade.<\/li><\/ul>\t\t\t\t\t\t\t\t<\/div>\n\t\t\t\t<\/div>\n\t\t\t\t<div class=\"elementor-element elementor-element-2ab161f elementor-hidden-desktop elementor-hidden-tablet elementor-hidden-mobile elementor-icon-list--layout-traditional elementor-list-item-link-full_width elementor-widget elementor-widget-icon-list\" data-id=\"2ab161f\" data-element_type=\"widget\" data-e-type=\"widget\" data-widget_type=\"icon-list.default\">\n\t\t\t\t<div class=\"elementor-widget-container\">\n\t\t\t\t\t\t\t<ul class=\"elementor-icon-list-items\">\n\t\t\t\t\t\t\t<li class=\"elementor-icon-list-item\">\n\t\t\t\t\t\t\t\t\t\t\t<span class=\"elementor-icon-list-icon\">\n\t\t\t\t\t\t\t<i aria-hidden=\"true\" class=\"fas fa-check-square\"><\/i>\t\t\t\t\t\t<\/span>\n\t\t\t\t\t\t\t\t\t\t<span class=\"elementor-icon-list-text\">Pacote de bebidas: espumante, cerveja Heineken, suco, refrigerante, \u00e1gua<\/span>\n\t\t\t\t\t\t\t\t\t<\/li>\n\t\t\t\t\t\t<\/ul>\n\t\t\t\t\t\t<\/div>\n\t\t\t\t<\/div>\n\t\t\t\t<div class=\"elementor-element elementor-element-3be90a2 elementor-hidden-desktop elementor-hidden-tablet elementor-hidden-mobile elementor-icon-list--layout-traditional elementor-list-item-link-full_width elementor-widget elementor-widget-icon-list\" data-id=\"3be90a2\" data-element_type=\"widget\" data-e-type=\"widget\" data-widget_type=\"icon-list.default\">\n\t\t\t\t<div class=\"elementor-widget-container\">\n\t\t\t\t\t\t\t<ul class=\"elementor-icon-list-items\">\n\t\t\t\t\t\t\t<li class=\"elementor-icon-list-item\">\n\t\t\t\t\t\t\t\t\t\t\t<span class=\"elementor-icon-list-icon\">\n\t\t\t\t\t\t\t<i aria-hidden=\"true\" class=\"fas fa-check-square\"><\/i>\t\t\t\t\t\t<\/span>\n\t\t\t\t\t\t\t\t\t\t<span class=\"elementor-icon-list-text\">Os h\u00f3spedes que estiverem acompanhados de delegados inscritos podem adquirir ingressos para os eventos sociais listados acima, contanto que haja disponibilidade para atender a demanda. O valor para qualquer um dos tr\u00eas eventos ser\u00e1 de R$ 450,00 (quatrocentos e cinquenta reais) para adulto e R$ 350,00 (trezentos e cinquenta reais) para crian\u00e7a de 7 a 12 anos de idade.<\/span>\n\t\t\t\t\t\t\t\t\t<\/li>\n\t\t\t\t\t\t<\/ul>\n\t\t\t\t\t\t<\/div>\n\t\t\t\t<\/div>\n\t\t\t\t<div class=\"elementor-element elementor-element-3abeec1 elementor-hidden-desktop elementor-hidden-tablet elementor-hidden-mobile elementor-icon-list--layout-traditional elementor-list-item-link-full_width elementor-widget elementor-widget-icon-list\" data-id=\"3abeec1\" data-element_type=\"widget\" data-e-type=\"widget\" data-widget_type=\"icon-list.default\">\n\t\t\t\t<div class=\"elementor-widget-container\">\n\t\t\t\t\t\t\t<ul class=\"elementor-icon-list-items\">\n\t\t\t\t\t\t\t<li class=\"elementor-icon-list-item\">\n\t\t\t\t\t\t\t\t\t\t\t<span class=\"elementor-icon-list-icon\">\n\t\t\t\t\t\t\t<i aria-hidden=\"true\" class=\"fas fa-check-square\"><\/i>\t\t\t\t\t\t<\/span>\n\t\t\t\t\t\t\t\t\t\t<span class=\"elementor-icon-list-text\">N\u00e3o ser\u00e1 permitida a inscri\u00e7\u00e3o no Congresso, nem nos eventos sociais, para aqueles que n\u00e3o estiverem hospedados no hotel.<\/span>\n\t\t\t\t\t\t\t\t\t<\/li>\n\t\t\t\t\t\t<\/ul>\n\t\t\t\t\t\t<\/div>\n\t\t\t\t<\/div>\n\t\t\t\t\t<\/div>\n\t\t<\/div>\n\t\t\t\t\t<\/div>\n\t\t<\/section>\n\t\t\t\t<section class=\"elementor-section elementor-top-section elementor-element elementor-element-517852a elementor-section-boxed elementor-section-height-default elementor-section-height-default\" data-id=\"517852a\" data-element_type=\"section\" data-e-type=\"section\">\n\t\t\t\t\t\t<div class=\"elementor-container elementor-column-gap-default\">\n\t\t\t\t\t<div class=\"elementor-column elementor-col-100 elementor-top-column elementor-element elementor-element-208de5a\" data-id=\"208de5a\" data-element_type=\"column\" data-e-type=\"column\">\n\t\t\t<div class=\"elementor-widget-wrap elementor-element-populated\">\n\t\t\t\t\t\t<div class=\"elementor-element elementor-element-1e329bf elementor-widget elementor-widget-text-editor\" data-id=\"1e329bf\" data-element_type=\"widget\" data-e-type=\"widget\" data-widget_type=\"text-editor.default\">\n\t\t\t\t<div class=\"elementor-widget-container\">\n\t\t\t\t\t\t\t\t\t<p>Ao inscrever-se no congresso, o participante aceita os\u00a0<strong>termos de fornecimento de dados pessoais<\/strong>\u00a0(nome, e-mail e telefone) para os patrocinadores, seguindo as regras de\u00a0<strong>privacidade da LGPD<\/strong>.<\/p>\t\t\t\t\t\t\t\t<\/div>\n\t\t\t\t<\/div>\n\t\t\t\t\t<\/div>\n\t\t<\/div>\n\t\t\t\t\t<\/div>\n\t\t<\/section>\n\t\t\t\t<section class=\"elementor-section elementor-top-section elementor-element elementor-element-f0dc45c elementor-section-boxed elementor-section-height-default elementor-section-height-default\" data-id=\"f0dc45c\" data-element_type=\"section\" data-e-type=\"section\">\n\t\t\t\t\t\t<div class=\"elementor-container elementor-column-gap-default\">\n\t\t\t\t\t<div class=\"elementor-column elementor-col-33 elementor-top-column elementor-element elementor-element-ed72388\" data-id=\"ed72388\" data-element_type=\"column\" data-e-type=\"column\">\n\t\t\t<div class=\"elementor-widget-wrap\">\n\t\t\t\t\t\t\t<\/div>\n\t\t<\/div>\n\t\t\t\t<div class=\"elementor-column elementor-col-33 elementor-top-column elementor-element elementor-element-1e572e0\" data-id=\"1e572e0\" data-element_type=\"column\" data-e-type=\"column\">\n\t\t\t<div class=\"elementor-widget-wrap elementor-element-populated\">\n\t\t\t\t\t\t<div class=\"elementor-element elementor-element-3551c85 elementor-align-justify elementor-invisible elementor-widget elementor-widget-button\" data-id=\"3551c85\" data-element_type=\"widget\" data-e-type=\"widget\" data-settings=\"{&quot;_animation&quot;:&quot;fadeIn&quot;}\" data-widget_type=\"button.default\">\n\t\t\t\t<div class=\"elementor-widget-container\">\n\t\t\t\t\t\t\t\t\t<div class=\"elementor-button-wrapper\">\n\t\t\t\t\t<a class=\"elementor-button elementor-button-link elementor-size-lg elementor-animation-sink\" href=\"#elementor-action%3Aaction%3Dpopup%3Aopen%26settings%3DeyJpZCI6IjIzNCIsInRvZ2dsZSI6ZmFsc2V9\" target=\"_blank\">\n\t\t\t\t\t\t<span class=\"elementor-button-content-wrapper\">\n\t\t\t\t\t\t\t\t\t<span class=\"elementor-button-text\">Iniciar Inscri\u00e7\u00e3o<\/span>\n\t\t\t\t\t<\/span>\n\t\t\t\t\t<\/a>\n\t\t\t\t<\/div>\n\t\t\t\t\t\t\t\t<\/div>\n\t\t\t\t<\/div>\n\t\t\t\t\t<\/div>\n\t\t<\/div>\n\t\t\t\t<div class=\"elementor-column elementor-col-33 elementor-top-column elementor-element elementor-element-037833e\" data-id=\"037833e\" data-element_type=\"column\" data-e-type=\"column\">\n\t\t\t<div class=\"elementor-widget-wrap\">\n\t\t\t\t\t\t\t<\/div>\n\t\t<\/div>\n\t\t\t\t\t<\/div>\n\t\t<\/section>\n\t\t\t\t<\/div>\n\t\t","protected":false},"excerpt":{"rendered":"<p>GARANTA J\u00c1 A SUA VAGA! Aproveite para fazer a sua inscri\u00e7\u00e3o e usufruir de benef\u00edcios exclusivos oferecidos ao longo dos tr\u00eas (3) dias de evento. A validade deste lote \u00e9 at\u00e9 15\/09\/2025 ou at\u00e9 atingirmos 220 inscri\u00e7\u00f5es, o que ocorrer primeiro. CATEGORIA SINDEPOL\/GO ADEPOL\/FENDEPOL OUTROS DELEGADOS PATROCINADOR Delegado(a) de Pol\u00edcia R$440,00 R$560,00 R$650,00 1\u00ba acompanhante: [&hellip;]<\/p>\n","protected":false},"author":1,"featured_media":0,"parent":0,"menu_order":0,"comment_status":"closed","ping_status":"closed","template":"elementor_header_footer","meta":{"footnotes":""},"class_list":["post-24","page","type-page","status-publish","hentry"],"aioseo_notices":[],"_hostinger_reach_plugin_has_subscription_block":false,"_hostinger_reach_plugin_is_elementor":false,"_links":{"self":[{"href":"https:\/\/congressosindepol.com.br\/2025\/wp-json\/wp\/v2\/pages\/24","targetHints":{"allow":["GET"]}}],"collection":[{"href":"https:\/\/congressosindepol.com.br\/2025\/wp-json\/wp\/v2\/pages"}],"about":[{"href":"https:\/\/congressosindepol.com.br\/2025\/wp-json\/wp\/v2\/types\/page"}],"author":[{"embeddable":true,"href":"https:\/\/congressosindepol.com.br\/2025\/wp-json\/wp\/v2\/users\/1"}],"replies":[{"embeddable":true,"href":"https:\/\/congressosindepol.com.br\/2025\/wp-json\/wp\/v2\/comments?post=24"}],"version-history":[{"count":328,"href":"https:\/\/congressosindepol.com.br\/2025\/wp-json\/wp\/v2\/pages\/24\/revisions"}],"predecessor-version":[{"id":2164,"href":"https:\/\/congressosindepol.com.br\/2025\/wp-json\/wp\/v2\/pages\/24\/revisions\/2164"}],"wp:attachment":[{"href":"https:\/\/congressosindepol.com.br\/2025\/wp-json\/wp\/v2\/media?parent=24"}],"curies":[{"name":"wp","href":"https:\/\/api.w.org\/{rel}","templated":true}]}}